{"id":518,"date":"2017-11-14T21:21:31","date_gmt":"2017-11-14T19:21:31","guid":{"rendered":"http:\/\/www.sixdaysofholiday.com\/?page_id=518"},"modified":"2018-12-18T20:29:38","modified_gmt":"2018-12-18T18:29:38","slug":"northamerica","status":"publish","type":"page","link":"https:\/\/www.sixdaysofholiday.com\/de\/northamerica\/","title":{"rendered":"Nordamerika"},"content":{"rendered":"\r\n<h2 class=\"wp-block-heading\">USA<\/h2>\r\n\r\n<p>&nbsp;<\/p>\r\n\r\n<blockquote class=\"wp-block-quote is-layout-flow wp-block-quote-is-layout-flow\">\r\n<p>fghjkl<\/p>\r\n<\/blockquote>\r\n\r\n<p>&nbsp;<\/p>\r\n\r\n<div class=\"wp-block-cover has-background-dim is-layout-flow wp-block-cover-is-layout-flow\" style=\"background-image: url('http:\/\/www.sixdaysofholiday.com\/wp-content\/uploads\/2017\/11\/Nordamerika.jpg');\">\u00a0<\/div>\r\n\r\n<p>&nbsp;<\/p>\r\n\r\n<ul class=\"wp-block-list\">\r\n<li>ghjkl\u00f6\u00e4<\/li>\r\n<li>ghjkl\u00f6<\/li>\r\n<\/ul>\r\n\r\n<p>&nbsp;<\/p>\r\n<ul class=\"wp-block-categories-list wp-block-categories\">\t<li class=\"cat-item cat-item-16\"><a href=\"https:\/\/www.sixdaysofholiday.com\/de\/category\/afrika\/\">Afrika<\/a>\n<\/li>\n\t<li class=\"cat-item cat-item-2\"><a href=\"https:\/\/www.sixdaysofholiday.com\/de\/category\/nordamerika\/usa\/alaska\/\">Alaska<\/a>\n<\/li>\n\t<li class=\"cat-item cat-item-112\"><a href=\"https:\/\/www.sixdaysofholiday.com\/de\/category\/europe\/albania\/\">Albanien<\/a>\n<\/li>\n<\/li>\n\t<li class=\"cat-item cat-item-1\"><a href=\"https:\/\/www.sixdaysofholiday.com\/de\/category\/allgemein\/\">Allgemein<\/a>\n<\/li>\n\t<li class=\"cat-item cat-item-11\"><a href=\"https:\/\/www.sixdaysofholiday.com\/de\/category\/asia\/\">Asien<\/a>\n<\/li>\n\t<li class=\"cat-item cat-item-50\"><a href=\"https:\/\/www.sixdaysofholiday.com\/de\/category\/barcelona\/\">Barcelona<\/a>\n<\/li>\n\t<li class=\"cat-item cat-item-113\"><a href=\"https:\/\/www.sixdaysofholiday.com\/de\/category\/europe\/albania\/berat\/\">Berat<\/a>\n<\/li>\n\t<li class=\"cat-item cat-item-102\"><a href=\"https:\/\/www.sixdaysofholiday.com\/de\/category\/europe\/slovenia\/bled\/\">Bled<\/a>\n<\/li>\n\t<li class=\"cat-item cat-item-76\"><a href=\"https:\/\/www.sixdaysofholiday.com\/de\/category\/candids\/\">Candids<\/a>\n<\/li>\n\t<li class=\"cat-item cat-item-14\"><a href=\"https:\/\/www.sixdaysofholiday.com\/de\/category\/china\/\">China<\/a>\n<\/li>\n\t<li class=\"cat-item cat-item-21\"><a href=\"https:\/\/www.sixdaysofholiday.com\/de\/category\/europe\/\">Europa<\/a>\n<\/li>\n\t<li class=\"cat-item cat-item-77\"><a href=\"https:\/\/www.sixdaysofholiday.com\/de\/category\/nordamerika\/usa\/florida\/\">Florida<\/a>\n<\/li>\n\t<li class=\"cat-item cat-item-23\"><a href=\"https:\/\/www.sixdaysofholiday.com\/de\/category\/frankreich\/\">Frankreich<\/a>\n<\/li>\n\t<li class=\"cat-item cat-item-13\"><a href=\"https:\/\/www.sixdaysofholiday.com\/de\/category\/hong-kong\/\">Hong Kong<\/a>\n<\/li>\n\t<li class=\"cat-item cat-item-22\"><a href=\"https:\/\/www.sixdaysofholiday.com\/de\/category\/japan\/\">Japan<\/a>\n<\/li>\n\t<li class=\"cat-item cat-item-8\"><a href=\"https:\/\/www.sixdaysofholiday.com\/de\/category\/kanada\/\">Kanada<\/a>\n<\/li>\n\t<li class=\"cat-item cat-item-28\"><a href=\"https:\/\/www.sixdaysofholiday.com\/de\/category\/lissabon\/\">Lissabon<\/a>\n<\/li>\n\t<li class=\"cat-item cat-item-51\"><a href=\"https:\/\/www.sixdaysofholiday.com\/de\/category\/maastricht\/\">Maastricht<\/a>\n<\/li>\n\t<li class=\"cat-item cat-item-94\"><a href=\"https:\/\/www.sixdaysofholiday.com\/de\/category\/nordamerika\/usa\/maine\/\">Maine<\/a>\n<\/li>\n\t<li class=\"cat-item cat-item-75\"><a href=\"https:\/\/www.sixdaysofholiday.com\/de\/category\/afrika\/marokko\/\">Marokko<\/a>\n<\/li>\n\t<li class=\"cat-item cat-item-24\"><a href=\"https:\/\/www.sixdaysofholiday.com\/de\/category\/niederlande\/\">Niederlande<\/a>\n<\/li>\n\t<li class=\"cat-item cat-item-4\"><a href=\"https:\/\/www.sixdaysofholiday.com\/de\/category\/nordamerika\/\">Nordamerika<\/a>\n<\/li>\n\t<li class=\"cat-item cat-item-93\"><a href=\"https:\/\/www.sixdaysofholiday.com\/de\/category\/north-america\/\">North America<\/a>\n<\/li>\n\t<li class=\"cat-item cat-item-26\"><a href=\"https:\/\/www.sixdaysofholiday.com\/de\/category\/paris\/\">Paris<\/a>\n<\/li>\n\t<li class=\"cat-item cat-item-27\"><a href=\"https:\/\/www.sixdaysofholiday.com\/de\/category\/portugal\/\">Portugal<\/a>\n<\/li>\n\t<li class=\"cat-item cat-item-111\"><a href=\"https:\/\/www.sixdaysofholiday.com\/de\/category\/europe\/slovenia\/\">Slowenien<\/a>\n<\/li>\n\t<li class=\"cat-item cat-item-49\"><a href=\"https:\/\/www.sixdaysofholiday.com\/de\/category\/spanien\/\">Spanien<\/a>\n<\/li>\n\t<li class=\"cat-item cat-item-30\"><a href=\"https:\/\/www.sixdaysofholiday.com\/de\/category\/asia\/tibet\/\">Tibet<\/a>\n<\/li>\n\t<li class=\"cat-item cat-item-53\"><a href=\"https:\/\/www.sixdaysofholiday.com\/de\/category\/japan\/tokio\/\">Tokio<\/a>\n<\/li>\n\t<li class=\"cat-item cat-item-3\"><a href=\"https:\/\/www.sixdaysofholiday.com\/de\/category\/nordamerika\/usa\/\">USA<\/a>\n<\/li>\n\t<li class=\"cat-item cat-item-36\"><a href=\"https:\/\/www.sixdaysofholiday.com\/de\/category\/kanada\/yukon\/\">Yukon<\/a>\n<\/li>\n<\/ul>\r\n<p>&nbsp;<\/p>\r\n\r\n<figure class=\"wp-block-embed-instagram wp-block-embed is-type-rich is-provider-instagram\">\r\n<div class=\"wp-block-embed__wrapper\">https:\/\/www.instagram.com\/p\/BrD6kFWHvjv\/<\/div>\r\n<\/figure>\r\n","protected":false},"excerpt":{"rendered":"<p>USA &nbsp; fghjkl &nbsp; &nbsp; ghjkl\u00f6\u00e4 ghjkl\u00f6 &nbsp; &nbsp;<\/p>\n","protected":false},"author":1,"featured_media":0,"parent":0,"menu_order":0,"comment_status":"closed","ping_status":"closed","template":"page-composer.php","meta":{"footnotes":""},"class_list":["post-518","page","type-page","status-publish","hentry"],"yoast_head":"<!-- This site is optimized with the Yoast SEO plugin v27.5 - https:\/\/yoast.com\/product\/yoast-seo-wordpress\/ -->\n<title>Nordamerika - six days of holiday<\/title>\n<meta name=\"robots\" content=\"index, follow, max-snippet:-1, max-image-preview:large, max-video-preview:-1\" \/>\n<link rel=\"canonical\" href=\"https:\/\/www.sixdaysofholiday.com\/northamerica\/\" \/>\n<meta property=\"og:locale\" content=\"de_DE\" \/>\n<meta property=\"og:type\" content=\"article\" \/>\n<meta property=\"og:title\" content=\"Nordamerika - six days of holiday\" \/>\n<meta property=\"og:description\" content=\"USA &nbsp; fghjkl &nbsp; &nbsp; ghjkl\u00f6\u00e4 ghjkl\u00f6 &nbsp; &nbsp;\" \/>\n<meta property=\"og:url\" content=\"https:\/\/www.sixdaysofholiday.com\/northamerica\/\" \/>\n<meta property=\"og:site_name\" content=\"six days of holiday\" \/>\n<meta property=\"article:modified_time\" content=\"2018-12-18T18:29:38+00:00\" \/>\n<meta name=\"twitter:card\" content=\"summary_large_image\" \/>\n<script type=\"application\/ld+json\" class=\"yoast-schema-graph\">{\"@context\":\"https:\\\/\\\/schema.org\",\"@graph\":[{\"@type\":\"WebPage\",\"@id\":\"https:\\\/\\\/www.sixdaysofholiday.com\\\/northamerica\\\/\",\"url\":\"https:\\\/\\\/www.sixdaysofholiday.com\\\/northamerica\\\/\",\"name\":\"Nordamerika - six days of holiday\",\"isPartOf\":{\"@id\":\"https:\\\/\\\/www.sixdaysofholiday.com\\\/de\\\/#website\"},\"datePublished\":\"2017-11-14T19:21:31+00:00\",\"dateModified\":\"2018-12-18T18:29:38+00:00\",\"breadcrumb\":{\"@id\":\"https:\\\/\\\/www.sixdaysofholiday.com\\\/northamerica\\\/#breadcrumb\"},\"inLanguage\":\"de\",\"potentialAction\":[{\"@type\":\"ReadAction\",\"target\":[\"https:\\\/\\\/www.sixdaysofholiday.com\\\/northamerica\\\/\"]}]},{\"@type\":\"BreadcrumbList\",\"@id\":\"https:\\\/\\\/www.sixdaysofholiday.com\\\/northamerica\\\/#breadcrumb\",\"itemListElement\":[{\"@type\":\"ListItem\",\"position\":1,\"name\":\"Startseite\",\"item\":\"https:\\\/\\\/www.sixdaysofholiday.com\\\/de\\\/\"},{\"@type\":\"ListItem\",\"position\":2,\"name\":\"North America\"}]},{\"@type\":\"WebSite\",\"@id\":\"https:\\\/\\\/www.sixdaysofholiday.com\\\/de\\\/#website\",\"url\":\"https:\\\/\\\/www.sixdaysofholiday.com\\\/de\\\/\",\"name\":\"six days of holiday\",\"description\":\"\",\"potentialAction\":[{\"@type\":\"SearchAction\",\"target\":{\"@type\":\"EntryPoint\",\"urlTemplate\":\"https:\\\/\\\/www.sixdaysofholiday.com\\\/de\\\/?s={search_term_string}\"},\"query-input\":{\"@type\":\"PropertyValueSpecification\",\"valueRequired\":true,\"valueName\":\"search_term_string\"}}],\"inLanguage\":\"de\"}]}<\/script>\n<!-- \/ Yoast SEO plugin. -->","yoast_head_json":{"title":"Nordamerika - six days of holiday","robots":{"index":"index","follow":"follow","max-snippet":"max-snippet:-1","max-image-preview":"max-image-preview:large","max-video-preview":"max-video-preview:-1"},"canonical":"https:\/\/www.sixdaysofholiday.com\/northamerica\/","og_locale":"de_DE","og_type":"article","og_title":"Nordamerika - six days of holiday","og_description":"USA &nbsp; fghjkl &nbsp; &nbsp; ghjkl\u00f6\u00e4 ghjkl\u00f6 &nbsp; &nbsp;","og_url":"https:\/\/www.sixdaysofholiday.com\/northamerica\/","og_site_name":"six days of holiday","article_modified_time":"2018-12-18T18:29:38+00:00","twitter_card":"summary_large_image","schema":{"@context":"https:\/\/schema.org","@graph":[{"@type":"WebPage","@id":"https:\/\/www.sixdaysofholiday.com\/northamerica\/","url":"https:\/\/www.sixdaysofholiday.com\/northamerica\/","name":"Nordamerika - six days of holiday","isPartOf":{"@id":"https:\/\/www.sixdaysofholiday.com\/de\/#website"},"datePublished":"2017-11-14T19:21:31+00:00","dateModified":"2018-12-18T18:29:38+00:00","breadcrumb":{"@id":"https:\/\/www.sixdaysofholiday.com\/northamerica\/#breadcrumb"},"inLanguage":"de","potentialAction":[{"@type":"ReadAction","target":["https:\/\/www.sixdaysofholiday.com\/northamerica\/"]}]},{"@type":"BreadcrumbList","@id":"https:\/\/www.sixdaysofholiday.com\/northamerica\/#breadcrumb","itemListElement":[{"@type":"ListItem","position":1,"name":"Startseite","item":"https:\/\/www.sixdaysofholiday.com\/de\/"},{"@type":"ListItem","position":2,"name":"North America"}]},{"@type":"WebSite","@id":"https:\/\/www.sixdaysofholiday.com\/de\/#website","url":"https:\/\/www.sixdaysofholiday.com\/de\/","name":"six days of holiday","description":"","potentialAction":[{"@type":"SearchAction","target":{"@type":"EntryPoint","urlTemplate":"https:\/\/www.sixdaysofholiday.com\/de\/?s={search_term_string}"},"query-input":{"@type":"PropertyValueSpecification","valueRequired":true,"valueName":"search_term_string"}}],"inLanguage":"de"}]}},"wps_subtitle":"","_links":{"self":[{"href":"https:\/\/www.sixdaysofholiday.com\/de\/wp-json\/wp\/v2\/pages\/518","targetHints":{"allow":["GET"]}}],"collection":[{"href":"https:\/\/www.sixdaysofholiday.com\/de\/wp-json\/wp\/v2\/pages"}],"about":[{"href":"https:\/\/www.sixdaysofholiday.com\/de\/wp-json\/wp\/v2\/types\/page"}],"author":[{"embeddable":true,"href":"https:\/\/www.sixdaysofholiday.com\/de\/wp-json\/wp\/v2\/users\/1"}],"replies":[{"embeddable":true,"href":"https:\/\/www.sixdaysofholiday.com\/de\/wp-json\/wp\/v2\/comments?post=518"}],"version-history":[{"count":131,"href":"https:\/\/www.sixdaysofholiday.com\/de\/wp-json\/wp\/v2\/pages\/518\/revisions"}],"predecessor-version":[{"id":936,"href":"https:\/\/www.sixdaysofholiday.com\/de\/wp-json\/wp\/v2\/pages\/518\/revisions\/936"}],"wp:attachment":[{"href":"https:\/\/www.sixdaysofholiday.com\/de\/wp-json\/wp\/v2\/media?parent=518"}],"curies":[{"name":"wp","href":"https:\/\/api.w.org\/{rel}","templated":true}]}}